{"id":899,"date":"2022-03-09T13:35:04","date_gmt":"2022-03-09T12:35:04","guid":{"rendered":"https:\/\/2023.budapestritmo.hu\/jegyek\/"},"modified":"2023-03-03T11:47:17","modified_gmt":"2023-03-03T10:47:17","slug":"tickets","status":"publish","type":"page","link":"https:\/\/2023.budapestritmo.hu\/en\/tickets\/","title":{"rendered":"Tickets"},"content":{"rendered":"\n<h1 class=\"wp-block-heading\">Secure your place at<br><strong>Budapest Ritmo 2023 <\/strong><br>now!<\/h1>\n\n\n\n<div style=\"height:20px\" aria-hidden=\"true\" class=\"wp-block-spacer\"><\/div>\n\n\n\n<h4 class=\"wp-block-heading\"><strong>Daily tickets<\/strong><\/h4>\n\n\n\n<div class=\"wp-block-columns alignfull tickets-cards is-layout-flex wp-container-core-columns-is-layout-9d6595d7 wp-block-columns-is-layout-flex\">\n<div class=\"wp-block-column is-layout-flow wp-block-column-is-layout-flow\">\n\n<div id=\"ticket-block_46b731ba81d89ecbbe8aed540de3cb72\" class=\"ticket text-white\" style=\"background-image:url('https:\/\/2023.budapestritmo.hu\/wp-content\/uploads\/2023\/02\/ritmo22-napijegy-1.jpg');\">\n\n\t<p>April 12, 2023<br>Magyar Zene H\u00e1za<\/p>\n\t<h4><b>Wednesday<\/b><\/h4>\n\t<h6>Opening<br>3.500 &#8211; 5.500 Ft *<\/h6>\n\t\t\t<a class=\"button small white\" id=\"\" href=\"https:\/\/mupa.hu\/jegyvasarlas?tseid=12814&#038;lang=en&#038;auditid=16052&#038;eventid=932400&#038;venueid=212&#038;festival=2&#038;isarrival=1\" target=\"_blank\" rel=\"noopener\">Get your tickets<\/a>\n\t\n\t\n<\/div>\n<\/div>\n\n\n\n<div class=\"wp-block-column is-layout-flow wp-block-column-is-layout-flow\">\n\n<div id=\"ticket-block_ea424354362aafe88640eeecefd77b86\" class=\"ticket text-black\" style=\"background-image:url('https:\/\/2023.budapestritmo.hu\/wp-content\/uploads\/2023\/02\/ritmo22-napijegy-4.jpg');\">\n\n\t<p>April 13, 2023<br>Szimpla Kert<\/p>\n\t<h4><b>Thursday<\/b><\/h4>\n\t<h6>Showcase <br>Free entry<\/h6>\n\t\n\t\n<\/div>\n<\/div>\n\n\n\n<div class=\"wp-block-column is-layout-flow wp-block-column-is-layout-flow\">\n\n<div id=\"ticket-block_e9d80295640d0ac024d4b17c15115687\" class=\"ticket text-white\" style=\"background-image:url('https:\/\/2023.budapestritmo.hu\/wp-content\/uploads\/2023\/02\/ritmo22-napijegy-3.jpg');\">\n\n\t<p>April 14, 2023<br>Akv\u00e1rium Klub, Toldi mozi<\/p>\n\t<h4><b>Friday<\/b><\/h4>\n\t<h6>Concerts, films<br>6.500 Ft<\/h6>\n\t\t\t<a class=\"button small white\" id=\"\" href=\"https:\/\/mupa.hu\/jegyvasarlas?tseid=12816&#038;lang=en&#038;auditid=15903&#038;eventid=932651&#038;venueid=212&#038;festival=2&#038;isarrival=1\" target=\"_blank\" rel=\"noopener\">Get your tickets<\/a>\n\t\n\t\n<\/div>\n<\/div>\n\n\n\n<div class=\"wp-block-column is-layout-flow wp-block-column-is-layout-flow\">\n\n<div id=\"ticket-block_b48653a74d76c987a3c28f7e9e70a3c0\" class=\"ticket text-white\" style=\"background-image:url('https:\/\/2023.budapestritmo.hu\/wp-content\/uploads\/2023\/02\/ritmo22-napijegy-2.jpg');\">\n\n\t<p>April 15, 2023<br>Erzs\u00e9bet t\u00e9r, Akv\u00e1rium Klub, Toldi Mozi<\/p>\n\t<h4><b>Saturday<\/b><\/h4>\n\t<h6>Concerts, films<br>6.500 Ft<\/h6>\n\t\t\t<a class=\"button small white\" id=\"\" href=\"https:\/\/mupa.hu\/jegyvasarlas?tseid=12817&#038;lang=en&#038;auditid=15903&#038;eventid=932652&#038;venueid=212&#038;festival=2&#038;isarrival=1\" target=\"_blank\" rel=\"noopener\">Get your tickets<\/a>\n\t\n\t\n<\/div>\n<\/div>\n<\/div>\n\n\n\n<div style=\"height:20px\" aria-hidden=\"true\" class=\"wp-block-spacer\"><\/div>\n\n\n\n<h4 class=\"wp-block-heading\"><strong>Passes<\/strong><\/h4>\n\n\n\n<div class=\"wp-block-columns alignfull tickets-cards is-layout-flex wp-container-core-columns-is-layout-9d6595d7 wp-block-columns-is-layout-flex\">\n<div class=\"wp-block-column is-layout-flow wp-block-column-is-layout-flow\">\n\n<div id=\"ticket-block_0318fcd6a02537dfde93b937a8ff5d32\" class=\"ticket text-white\" style=\"background-image:url('https:\/\/2023.budapestritmo.hu\/wp-content\/uploads\/2023\/02\/ritmo22-berlet-1.jpg');\">\n\n\t<p>13\u201315 April, 2023<\/p>\n\t<h4><b>Budapest Ritmo Pass<\/b><\/h4>\n\t<h6>12.000 Ft<\/h6>\n\t\t\t<a class=\"button small white\" id=\"\" href=\"https:\/\/mupa.hu\/jegyvasarlas?tseid=12679&#038;lang=en&#038;auditid=15903&#038;eventid=912763&#038;venueid=212&#038;festival=2&#038;isarrival=1\" target=\"_blank\" rel=\"noopener\">Buy now<\/a>\n\t\n\t\n<\/div>\n<\/div>\n\n\n\n<div class=\"wp-block-column is-layout-flow wp-block-column-is-layout-flow\">\n\n<div id=\"ticket-block_bc2b05edc77c040724af1a41c9f8e5f2\" class=\"ticket text-white\" style=\"background-image:url('https:\/\/2023.budapestritmo.hu\/wp-content\/uploads\/2023\/02\/ritmo22-berlet-2.jpg');\">\n\n\t<p>13\u201315 April, 2023<\/p>\n\t<h4><b>Budapest Ritmo PRO pass<\/b><\/h4>\n\t<h6>24.900 Ft<\/h6>\n\t\t\t<a class=\"button small white\" id=\"\" href=\"https:\/\/mupa.hu\/jegyvasarlas?tseid=12679&#038;lang=en&#038;auditid=15903&#038;eventid=912763&#038;venueid=212&#038;festival=2&#038;isarrival=1\" target=\"_blank\" rel=\"noopener\">Buy now<\/a>\n\t\n\t\n<\/div>\n<\/div>\n\n\n\n<div class=\"wp-block-column is-layout-flow wp-block-column-is-layout-flow\"><\/div>\n\n\n\n<div class=\"wp-block-column is-layout-flow wp-block-column-is-layout-flow\"><\/div>\n<\/div>\n\n\n\n<p class=\"has-small-font-size\">*Dynamic ticket pricing<\/p>\n\n\n\n<ul class=\"wp-block-list\">\n<li>For the opening concerts of the festival on April 12, individual tickets are available.<\/li>\n\n\n\n<li>On April 13, the showcase concerts are free to enter.<\/li>\n\n\n\n<li>The Ritmo Pass gives access to all of the concerts and film screenings between 13\u201315 April, 2023.<\/li>\n\n\n\n<li>The Pro Pass gives access to all of the concerts and film screenings between 13\u201315 April, 2023 + the conference, exclusive networking events, delegate database and our favourite tote bag with some goodies.<\/li>\n\n\n\n<li>DAY TICKET: 6500 HUF (until April 13. 2023.), 6900 Ft (online and on the spot on the day of the programme)<\/li>\n\n\n\n<li>PASS: 12000 HUF (from 1 February 2023 online and on the spot on the day of the programme)<\/li>\n\n\n\n<li>PRO PASS: 24900 HUF (from 1 February 2023 online and on the spot on the day of the programme)<\/li>\n<\/ul>\n","protected":false},"excerpt":{"rendered":"<p>Secure your place atBudapest Ritmo 2023 now! Daily tickets Passes *Dynamic ticket pricing<\/p>\n","protected":false},"author":1,"featured_media":0,"parent":0,"menu_order":0,"comment_status":"closed","ping_status":"closed","template":"","meta":{"footnotes":""},"class_list":["post-899","page","type-page","status-publish","hentry"],"acf":[],"_links":{"self":[{"href":"https:\/\/2023.budapestritmo.hu\/en\/wp-json\/wp\/v2\/pages\/899","targetHints":{"allow":["GET"]}}],"collection":[{"href":"https:\/\/2023.budapestritmo.hu\/en\/wp-json\/wp\/v2\/pages"}],"about":[{"href":"https:\/\/2023.budapestritmo.hu\/en\/wp-json\/wp\/v2\/types\/page"}],"author":[{"embeddable":true,"href":"https:\/\/2023.budapestritmo.hu\/en\/wp-json\/wp\/v2\/users\/1"}],"replies":[{"embeddable":true,"href":"https:\/\/2023.budapestritmo.hu\/en\/wp-json\/wp\/v2\/comments?post=899"}],"version-history":[{"count":52,"href":"https:\/\/2023.budapestritmo.hu\/en\/wp-json\/wp\/v2\/pages\/899\/revisions"}],"predecessor-version":[{"id":3546,"href":"https:\/\/2023.budapestritmo.hu\/en\/wp-json\/wp\/v2\/pages\/899\/revisions\/3546"}],"wp:attachment":[{"href":"https:\/\/2023.budapestritmo.hu\/en\/wp-json\/wp\/v2\/media?parent=899"}],"curies":[{"name":"wp","href":"https:\/\/api.w.org\/{rel}","templated":true}]}}