{"id":495,"date":"2022-03-01T22:28:08","date_gmt":"2022-03-01T21:28:08","guid":{"rendered":"https:\/\/2023.budapestritmo.hu\/konferencia\/"},"modified":"2023-04-06T09:25:42","modified_gmt":"2023-04-06T08:25:42","slug":"conference","status":"publish","type":"page","link":"https:\/\/2023.budapestritmo.hu\/en\/conference\/","title":{"rendered":"Conference"},"content":{"rendered":"\n<div class=\"wp-block-group alignfull\"><div class=\"wp-block-group__inner-container is-layout-flow wp-block-group-is-layout-flow\">\n<h1 class=\"wp-block-heading\">Conference<\/h1>\n\n\n\n<h4 class=\"wp-block-heading\">Join the discussion! <\/h4>\n\n\n\n<p>This year\u2019s Ritmo Conference explores the transformative power of music in conflict, hardship, on urban and social change, as well as our mental and physical health. Two days discussing the direct impact and wonder of music, guided by international experts, innovators and practitioners. Budapest Ritmo Conference adds intellectual and experiential layers to the festival, while providing a platform to discuss the hottest topics of the scene and build community.&nbsp;<\/p>\n\n\n\n<p>PRO Pass holders are granted access to all events of Budapest Ritmo Conference. The official language of the conference is English.<\/p>\n<\/div><\/div>\n\n\n<a name=\"timetable\"><\/a>\n<section class=\"timetable text-white\">\n\t\n\t<div class=\"container-fluid\">\n\t\t<div class=\"row\">\n\t\t\t<div class=\"col-12\">\n\t\t\t\t<h2>Conference<\/h2> \n\t\t\t<\/div>\n\t\t<\/div>\n\t<\/div>\n\n\n\t\n\t<div class=\"container-fluid dates\">\n\t\t<div class=\"row\">\n\t\t\t\t\t\t\t<div class=\"col-6 col-sm\" id=\"tab-day1\">\n\t\t\t\t\t<a class=\"day-select current-day\" href=\"#day1\">\n\t\t\t\t\t\tFriday 14.04.\t\t\t\t\t<\/a>\n\t\t\t\t\t\n\t\t\t\t<\/div>\n\t\t\t\t\t\t\t<div class=\"col-6 col-sm\" id=\"tab-day2\">\n\t\t\t\t\t<a class=\"day-select \" href=\"#day2\">\n\t\t\t\t\t\tSaturday 15.04.\t\t\t\t\t<\/a>\n\t\t\t\t\t\n\t\t\t\t<\/div>\n\t\t\t\t\t\t\t\t\n\t\t<\/div>\n\t<\/div>\n\t \n\n\n\t\n\t\t\t\n\t\t<div class=\"container-fluid day  current-day\" id=\"day1\">\n\t\t\n\t\t\t<div class=\"row\">\n\n\n\t\t\t\t<div class=\"col-1 timetable-timeslots d-none d-md-flex\">\n\t\t\t\t\t<ul>\n\t\t\t\t\t\t<li class=\"full-hour\">10:00<\/li><li>10:15<\/li><li>10:30<\/li><li>10:45<\/li><li class=\"full-hour\">11:00<\/li><li>11:15<\/li><li>11:30<\/li><li>11:45<\/li><li class=\"full-hour\">12:00<\/li><li>12:15<\/li><li>12:30<\/li><li>12:45<\/li><li class=\"full-hour\">13:00<\/li><li>13:15<\/li><li>13:30<\/li><li>13:45<\/li><li class=\"full-hour\">14:00<\/li><li>14:15<\/li><li>14:30<\/li><li>14:45<\/li><li class=\"full-hour\">15:00<\/li><li>15:15<\/li><li>15:30<\/li><li>15:45<\/li>\t\t\t\t\t<\/ul>\n\t\t\t\t<\/div>\n\n\n\t\t\t\t\n\t\t\t\t\n\t\t\t\t\n\n\t\t\t\t\t\t\t<div class=\"col-12 col-sm timetable-column\">\n\t\t\t\t\t\t\t\t<div class=\"timetable-venue\">\n\t\t\t\t\t\t\t\t\tHouse of Music Hungary\t\t\t\t\t\t\t\t<\/div>\n\n\n\t\t\t\t\t\t\t\t\t\t\t\t\t\t\t\t\t\t    \n\n\t\t\t\t\t\t\t\t\t\t\t\t\t\t\t\t\t\t\t\t\t\t\t\n\t\n\n\t\t\t\t\t\t\t\t\t\t\n\t\t\t\t\t\t\t\t\t\t\t\t\t\t\n\t\t\t\t\t\t\t\t\t\t\t\t\t\t\t\t\t\t\t    \n\n\t\t\t\t\t\t\t\t\t\t\t\t\t\t\t\t\t\t\t\t\t\t\t\n\t\n\n\t\t\t\t\t\t\t\t\t\t\t\n\t\t\t\t\t\t\t\t\t\t\t<a href=\"https:\/\/2023.budapestritmo.hu\/en\/conference-event\/noise-entertainment-identity-reason-to-live-music-in-our-hearts\/\">\t\t\t\t\t\t\t\t\t\t\t\t<div class=\"timetable-event \" style=\"top:120px; min-height:118px;\">\n\t\t\t\t\t\t\t\t\t\t\t\t\t<div class=\"timetable-event-time\">11:00-12:00<\/div>\n\t\t\t\t\t\t\t\t\t\t\t\t\t<div class=\"timetable-event-performer\">Noise, Entertainment, Identity, Reason to Live: Music in our Hearts<\/div>\n\t\t\t\t\t\t\t\t\t\t\t\t\t<span class=\"timetable-event-country\"><p>\u00c1rp\u00e1d T\u00f3th (HU)<br \/>\nLecture Hall<\/p>\n <\/span>\n\t\t\t\t\t\t\t\t\t\t\t\t<\/div>\n\t\t\t\t\t\t\t\t\t\t\t<\/a>\t\t\t\t\t\t\t\t\t\t\n\t\t\t\t\t\t\t\t\t\t\t\t\t\t\n\t\t\t\t\t\t\t\t\t\t\t\t\t\t\t\t\t\t\t    \n\n\t\t\t\t\t\t\t\t\t\t\t\t\t\t\t\t\t\t\t\t\t\t\t\n\t\n\n\t\t\t\t\t\t\t\t\t\t\t\n\t\t\t\t\t\t\t\t\t\t\t<a href=\"https:\/\/2023.budapestritmo.hu\/en\/conference-event\/music-as-a-tool-for-social-and-urban-transformation\/\">\t\t\t\t\t\t\t\t\t\t\t\t<div class=\"timetable-event \" style=\"top:240px; min-height:118px;\">\n\t\t\t\t\t\t\t\t\t\t\t\t\t<div class=\"timetable-event-time\">12:00-13:00<\/div>\n\t\t\t\t\t\t\t\t\t\t\t\t\t<div class=\"timetable-event-performer\">Music as a Tool For Social and Urban Transformation<\/div>\n\t\t\t\t\t\t\t\t\t\t\t\t\t<span class=\"timetable-event-country\"><p><span style=\"font-weight: 400;\">Carolina Rojas, Medell\u00edn (CO); <\/span><span style=\"font-weight: 400;\">Nadja Grizzo, Essen (DE)<\/span><span style=\"font-weight: 400;\">;\u00a0<\/span><span style=\"font-weight: 400;\">Friderika Mike, Veszpr\u00e9m (HU);\u00a0<\/span><span style=\"font-weight: 400;\">Asta Salomaa, Oulu (FI)<\/span><br \/>\nLecture Hall<\/p>\n <\/span>\n\t\t\t\t\t\t\t\t\t\t\t\t<\/div>\n\t\t\t\t\t\t\t\t\t\t\t<\/a>\t\t\t\t\t\t\t\t\t\t\n\t\t\t\t\t\t\t\t\t\t\t\t\t\t\n\t\t\t\t\t\t\t\t\t\t\t\t\t\t\t\t\t\t\t    \n\n\t\t\t\t\t\t\t\t\t\t\t\t\t\t\t\t\t\t\t\t\t\t\t\n\t\n\n\t\t\t\t\t\t\t\t\t\t\t\n\t\t\t\t\t\t\t\t\t\t\t<a href=\"https:\/\/2023.budapestritmo.hu\/en\/conference-event\/music-through-conflicts-and-social-changes\/\">\t\t\t\t\t\t\t\t\t\t\t\t<div class=\"timetable-event \" style=\"top:480px; min-height:118px;\">\n\t\t\t\t\t\t\t\t\t\t\t\t\t<div class=\"timetable-event-time\">14:00-15:00<\/div>\n\t\t\t\t\t\t\t\t\t\t\t\t\t<div class=\"timetable-event-performer\">Music Through Conflicts and Social Changes<\/div>\n\t\t\t\t\t\t\t\t\t\t\t\t\t<span class=\"timetable-event-country\"><p>Golnar <span style=\"font-weight: 400;\">Shahyar<\/span> (IR), Yalda Yazdani (IR), Mariana Bondarenko (UA)<br \/>\nLecture Hall<\/p>\n <\/span>\n\t\t\t\t\t\t\t\t\t\t\t\t<\/div>\n\t\t\t\t\t\t\t\t\t\t\t<\/a>\t\t\t\t\t\t\t\t\t\t\n\t\t\t\t\t\t\t\t\t\t\t\t\t\t\n\t\t\t\t\t\t\t\t\t\t\t\t\t\t\t\t\t\t\t    \n\n\t\t\t\t\t\t\t\t\t\t\t\t\t\t\t\t\t\t\t\t\t\t\t\n\t\n\n\t\t\t\t\t\t\t\t\t\t\t\n\t\t\t\t\t\t\t\t\t\t\t<a href=\"https:\/\/2023.budapestritmo.hu\/en\/conference-event\/music-as-a-tool-for-transformation-discussion-about-best-practice-projects\/\">\t\t\t\t\t\t\t\t\t\t\t\t<div class=\"timetable-event \" style=\"top:600px; min-height:118px;\">\n\t\t\t\t\t\t\t\t\t\t\t\t\t<div class=\"timetable-event-time\">15:00-16:00<\/div>\n\t\t\t\t\t\t\t\t\t\t\t\t\t<div class=\"timetable-event-performer\">Music as a Tool for Transformation: Discussion About Best Practice Projects<\/div>\n\t\t\t\t\t\t\t\t\t\t\t\t\t<span class=\"timetable-event-country\"><p><span style=\"font-weight: 400;\">World caf\u00e9 session<br \/>\n<\/span>Caf\u00e9<\/p>\n <\/span>\n\t\t\t\t\t\t\t\t\t\t\t\t<\/div>\n\t\t\t\t\t\t\t\t\t\t\t<\/a>\t\t\t\t\t\t\t\t\t\t\n\t\t\t\t\t\t\t\t\t\t\t\t\t\t\n\t\t\t\t\t\t\t\t\t\n\t\t\t\t\t\t\t<\/div>\n\n\t\t\t\t\t\t\t\n\n\t\t\t\t\n\n\t\t\t\t\n\t\t\t\n\t\t\t<\/div> <!-- \/row -->\n\t\t<\/div>  <!-- \/container.day -->\n\t\t\n\t\t\t\n\t\t<div class=\"container-fluid day  \" id=\"day2\">\n\t\t\n\t\t\t<div class=\"row\">\n\n\n\t\t\t\t<div class=\"col-1 timetable-timeslots d-none d-md-flex\">\n\t\t\t\t\t<ul>\n\t\t\t\t\t\t<li class=\"full-hour\">11:00<\/li><li>11:15<\/li><li>11:30<\/li><li>11:45<\/li><li class=\"full-hour\">12:00<\/li><li>12:15<\/li><li>12:30<\/li><li>12:45<\/li><li class=\"full-hour\">13:00<\/li><li>13:15<\/li><li>13:30<\/li><li>13:45<\/li><li class=\"full-hour\">14:00<\/li><li>14:15<\/li><li>14:30<\/li><li>14:45<\/li><li class=\"full-hour\">15:00<\/li><li>15:15<\/li><li>15:30<\/li><li>15:45<\/li><li class=\"full-hour\">16:00<\/li><li>16:15<\/li><li>16:30<\/li><li>16:45<\/li>\t\t\t\t\t<\/ul>\n\t\t\t\t<\/div>\n\n\n\t\t\t\t\n\t\t\t\t\n\t\t\t\t\n\n\t\t\t\t\t\t\t<div class=\"col-12 col-sm timetable-column\">\n\t\t\t\t\t\t\t\t<div class=\"timetable-venue\">\n\t\t\t\t\t\t\t\t\tHouse of Music Hungary\t\t\t\t\t\t\t\t<\/div>\n\n\n\t\t\t\t\t\t\t\t\t\t\t\t\t\t\t\t\t\t    \n\n\t\t\t\t\t\t\t\t\t\t\t\t\t\t\t\t\t\t\t\t\t\t\t\n\t\n\n\t\t\t\t\t\t\t\t\t\t\t\n\t\t\t\t\t\t\t\t\t\t\t<a href=\"https:\/\/2023.budapestritmo.hu\/en\/conference-event\/we-are-what-we-listen-to-the-impact-of-music-on-individual-and-social-health\/\">\t\t\t\t\t\t\t\t\t\t\t\t<div class=\"timetable-event \" style=\"top:0px; min-height:118px;\">\n\t\t\t\t\t\t\t\t\t\t\t\t\t<div class=\"timetable-event-time\">11:00-12:00<\/div>\n\t\t\t\t\t\t\t\t\t\t\t\t\t<div class=\"timetable-event-performer\">We Are What We Listen to: The Impact of Music on Individual and Social Health<\/div>\n\t\t\t\t\t\t\t\t\t\t\t\t\t<span class=\"timetable-event-country\"><p>Patricia Caicedo (ES)<br \/>\nLecture Hall<\/p>\n <\/span>\n\t\t\t\t\t\t\t\t\t\t\t\t<\/div>\n\t\t\t\t\t\t\t\t\t\t\t<\/a>\t\t\t\t\t\t\t\t\t\t\n\t\t\t\t\t\t\t\t\t\t\t\t\t\t\n\t\t\t\t\t\t\t\t\t\t\t\t\t\t\t\t\t\t\t    \n\n\t\t\t\t\t\t\t\t\t\t\t\t\t\t\t\t\t\t\t\t\t\t\t\n\t\n\n\t\t\t\t\t\t\t\t\t\t\t\n\t\t\t\t\t\t\t\t\t\t\t<a href=\"https:\/\/2023.budapestritmo.hu\/en\/conference-event\/how-music-shapes-our-body-and-mind\/\">\t\t\t\t\t\t\t\t\t\t\t\t<div class=\"timetable-event \" style=\"top:120px; min-height:118px;\">\n\t\t\t\t\t\t\t\t\t\t\t\t\t<div class=\"timetable-event-time\">12:00-13:00<\/div>\n\t\t\t\t\t\t\t\t\t\t\t\t\t<div class=\"timetable-event-performer\">How Music Shapes Our Body and Mind<\/div>\n\t\t\t\t\t\t\t\t\t\t\t\t\t<span class=\"timetable-event-country\"><p><span style=\"font-weight: 400;\">Patricia Caicedo (ES), <\/span>Krisztina Borsfay (HU), Gergely Fazekas (HU)<br \/>\nLecture Hall<\/p>\n <\/span>\n\t\t\t\t\t\t\t\t\t\t\t\t<\/div>\n\t\t\t\t\t\t\t\t\t\t\t<\/a>\t\t\t\t\t\t\t\t\t\t\n\t\t\t\t\t\t\t\t\t\t\t\t\t\t\n\t\t\t\t\t\t\t\t\t\t\t\t\t\t\t\t\t\t\t    \n\n\t\t\t\t\t\t\t\t\t\t\t\t\t\t\t\t\t\t\t\t\t\t\t\n\t\n\n\t\t\t\t\t\t\t\t\t\t\t\n\t\t\t\t\t\t\t\t\t\t\t<a href=\"https:\/\/2023.budapestritmo.hu\/en\/conference-event\/guided-music-therapy-in-music-dome\/\">\t\t\t\t\t\t\t\t\t\t\t\t<div class=\"timetable-event \" style=\"top:360px; min-height:178px;\">\n\t\t\t\t\t\t\t\t\t\t\t\t\t<div class=\"timetable-event-time\">14:00-15:30<\/div>\n\t\t\t\t\t\t\t\t\t\t\t\t\t<div class=\"timetable-event-performer\">Guided Music Therapy in Music Dome<\/div>\n\t\t\t\t\t\t\t\t\t\t\t\t\t<span class=\"timetable-event-country\"><p>Music Dome<\/p>\n <\/span>\n\t\t\t\t\t\t\t\t\t\t\t\t<\/div>\n\t\t\t\t\t\t\t\t\t\t\t<\/a>\t\t\t\t\t\t\t\t\t\t\n\t\t\t\t\t\t\t\t\t\t\t\t\t\t\n\t\t\t\t\t\t\t\t\t\t\t\t\t\t\t\t\t\t\t    \n\n\t\t\t\t\t\t\t\t\t\t\t\t\t\t\t\t\t\t\t\t\t\t\t\n\t\n\n\t\t\t\t\t\t\t\t\t\t\n\t\t\t\t\t\t\t\t\t\t\t\t\t\t\n\t\t\t\t\t\t\t\t\t\n\t\t\t\t\t\t\t<\/div>\n\n\t\t\t\t\t\t\t\n\n\t\t\t\t\n\n\t\t\t\t\n\t\t\t\n\t\t\t<\/div> <!-- \/row -->\n\t\t<\/div>  <!-- \/container.day -->\n\t\t\n\t\t\t\n<\/section> <!-- \/timetable.section -->\n\n\n<section class=\"wp-block-group alignfull text-white bg-black wicembed\"><div class=\"wp-block-group__inner-container is-layout-flow wp-block-group-is-layout-flow\">\n<div class=\"wp-block-columns is-layout-flex wp-container-core-columns-is-layout-9d6595d7 wp-block-columns-is-layout-flex\">\n<div class=\"wp-block-column is-layout-flow wp-block-column-is-layout-flow\" style=\"flex-basis:100%\">\n<\/div>\n<\/div>\n<\/div><\/section>\n\n\n\n<section class=\"wp-block-group alignfull text-white bg-black\"><div class=\"wp-block-group__inner-container is-layout-flow wp-block-group-is-layout-flow\">\n<div class=\"wp-block-columns is-layout-flex wp-container-core-columns-is-layout-9d6595d7 wp-block-columns-is-layout-flex\">\n<div class=\"wp-block-column is-layout-flow wp-block-column-is-layout-flow\" style=\"flex-basis:75%\">\n<h2 class=\"wp-block-heading\">Exhibition \u201cUkrainian jazzmen at war\u201d<\/h2>\n\n\n\n<h4 class=\"wp-block-heading\">House of Music, Lecture Room<\/h4>\n\n\n\n<p>\u201cUkrainian jazzmen at war\u201d is a photo project that aims to tell the stories of jazz musicians who joined the Armed Forces of Ukraine and Territorial Defence with weapons in their hands. The project presents photos of the musicians: one from their pre-war life featuring their active concert and festival activities, the other from their current military life.<\/p>\n\n\n\n<p>The project was initiated by the Ukrainian Institute and was produced in partnership with Jazzography.in.ua.<\/p>\n\n\n\n<p>Entry with PRO pass only, between April 14, 2023, from 11 a.m. to 4 p.m. and April 15, 2023, from 11 a.m. to 3 p.m.<\/p>\n<\/div>\n\n\n\n<div class=\"wp-block-column is-layout-flow wp-block-column-is-layout-flow\" style=\"flex-basis:25%\"><\/div>\n<\/div>\n<\/div><\/section>\n\n\n\n<section class=\"wp-block-group alignfull text-black bg-white\"><div class=\"wp-block-group__inner-container is-layout-flow wp-block-group-is-layout-flow\">\n<div class=\"wp-block-columns is-layout-flex wp-container-core-columns-is-layout-9d6595d7 wp-block-columns-is-layout-flex\">\n<div class=\"wp-block-column is-layout-flow wp-block-column-is-layout-flow\" style=\"flex-basis:40%\">\n<h2 class=\"wp-block-heading\"><strong>House of Music Hungary<\/strong><\/h2>\n\n\n\n<p class=\"has-small-font-size\"><strong>Venue of Budapest Ritmo Conference<\/strong><\/p>\n\n\n\n<p>The newly opened center planned by Japanese star architect Sou Fujimoto is an iconic contemporary architectural masterpiece. The diverse range of events in House of Music Hungary provides a plethora of musical experiences, including exhibitions, concerts, playing music together, singing, dance, exciting music education workshops and lecture courses. The mission of House of Music is to promote music, the values of Hungarian folk, classical, popular music and other global genres.<\/p>\n\n\n\n<figure class=\"wp-block-image size-full is-resized\"><img loading=\"lazy\" decoding=\"async\" src=\"https:\/\/2023.budapestritmo.hu\/wp-content\/uploads\/2023\/02\/image-2.png\" alt=\"\" class=\"wp-image-3439\" width=\"32\" height=\"32\" srcset=\"https:\/\/2023.budapestritmo.hu\/wp-content\/uploads\/2023\/02\/image-2.png 512w, https:\/\/2023.budapestritmo.hu\/wp-content\/uploads\/2023\/02\/image-2-300x300.png 300w, https:\/\/2023.budapestritmo.hu\/wp-content\/uploads\/2023\/02\/image-2-150x150.png 150w, https:\/\/2023.budapestritmo.hu\/wp-content\/uploads\/2023\/02\/image-2-320x320.png 320w\" sizes=\"auto, (max-width: 32px) 100vw, 32px\" \/><\/figure>\n\n\n\n<p class=\"has-small-font-size\"><a href=\"https:\/\/www.google.com\/maps\/place\/House+of+Music,+Hungary\/data=!4m2!3m1!19sChIJS6NslUbdQUcRIDaPb1o2sAE\" target=\"_blank\" rel=\"noopener\">House of Music Hungary<\/a><\/p>\n<\/div>\n\n\n\n<div class=\"wp-block-column is-layout-flow wp-block-column-is-layout-flow\" style=\"flex-basis:60%\">\n<figure class=\"wp-block-image size-large is-style-default\"><img loading=\"lazy\" decoding=\"async\" width=\"1024\" height=\"580\" src=\"https:\/\/2023.budapestritmo.hu\/wp-content\/uploads\/2023\/02\/MZH-1024x580.jpg\" alt=\"\" class=\"wp-image-3156\" srcset=\"https:\/\/2023.budapestritmo.hu\/wp-content\/uploads\/2023\/02\/MZH-1024x580.jpg 1024w, https:\/\/2023.budapestritmo.hu\/wp-content\/uploads\/2023\/02\/MZH-300x170.jpg 300w, https:\/\/2023.budapestritmo.hu\/wp-content\/uploads\/2023\/02\/MZH-768x435.jpg 768w, https:\/\/2023.budapestritmo.hu\/wp-content\/uploads\/2023\/02\/MZH.jpg 1200w\" sizes=\"auto, (max-width: 1024px) 100vw, 1024px\" \/><figcaption class=\"wp-element-caption\"><kbd><sub>\u00a9LIGET-BUDAPEST_Palk\u00f3-Gy\u00f6rgy<\/sub><\/kbd><\/figcaption><\/figure>\n<\/div>\n<\/div>\n<\/div><\/section>\n","protected":false},"excerpt":{"rendered":"<p>Conference Join the discussion! This year\u2019s Ritmo Conference explores the transformative power of music in conflict, hardship, on urban and social change, as well as our mental and physical health. Two days discussing the direct impact and wonder of music, guided by international experts, innovators and practitioners. Budapest Ritmo Conference adds intellectual and experiential layers [&hellip;]<\/p>\n","protected":false},"author":1,"featured_media":0,"parent":0,"menu_order":0,"comment_status":"closed","ping_status":"closed","template":"page-templates\/page-fullwidth.php","meta":{"footnotes":""},"class_list":["post-495","page","type-page","status-publish","hentry"],"acf":[],"_links":{"self":[{"href":"https:\/\/2023.budapestritmo.hu\/en\/wp-json\/wp\/v2\/pages\/495","targetHints":{"allow":["GET"]}}],"collection":[{"href":"https:\/\/2023.budapestritmo.hu\/en\/wp-json\/wp\/v2\/pages"}],"about":[{"href":"https:\/\/2023.budapestritmo.hu\/en\/wp-json\/wp\/v2\/types\/page"}],"author":[{"embeddable":true,"href":"https:\/\/2023.budapestritmo.hu\/en\/wp-json\/wp\/v2\/users\/1"}],"replies":[{"embeddable":true,"href":"https:\/\/2023.budapestritmo.hu\/en\/wp-json\/wp\/v2\/comments?post=495"}],"version-history":[{"count":29,"href":"https:\/\/2023.budapestritmo.hu\/en\/wp-json\/wp\/v2\/pages\/495\/revisions"}],"predecessor-version":[{"id":4107,"href":"https:\/\/2023.budapestritmo.hu\/en\/wp-json\/wp\/v2\/pages\/495\/revisions\/4107"}],"wp:attachment":[{"href":"https:\/\/2023.budapestritmo.hu\/en\/wp-json\/wp\/v2\/media?parent=495"}],"curies":[{"name":"wp","href":"https:\/\/api.w.org\/{rel}","templated":true}]}}